{"id":33,"date":"2023-03-27T18:53:44","date_gmt":"2023-03-27T21:53:44","guid":{"rendered":"https:\/\/biosany.com.br\/?page_id=33"},"modified":"2023-05-12T20:02:13","modified_gmt":"2023-05-12T23:02:13","slug":"home","status":"publish","type":"page","link":"https:\/\/biosany.com.br\/","title":{"rendered":"home"},"content":{"rendered":"<p><strong>A evolu\u00e7\u00e3o<\/strong><\/p>\n<p><strong> no tratamento<\/strong><\/p>\n<p><strong> de efluentes<\/strong><\/p>\n<style>\/*! elementor - v3.13.2 - 11-05-2023 *\/\n.elementor-heading-title{padding:0;margin:0;line-height:1}.elementor-widget-heading .elementor-heading-title[class*=elementor-size-]>a{color:inherit;font-size:inherit;line-height:inherit}.elementor-widget-heading .elementor-heading-title.elementor-size-small{font-size:15px}.elementor-widget-heading .elementor-heading-title.elementor-size-medium{font-size:19px}.elementor-widget-heading .elementor-heading-title.elementor-size-large{font-size:29px}.elementor-widget-heading .elementor-heading-title.elementor-size-xl{font-size:39px}.elementor-widget-heading .elementor-heading-title.elementor-size-xxl{font-size:59px}<\/style>\n<h2>O SISTEMA<\/h2>\n<style>\/*! elementor - v3.13.2 - 11-05-2023 *\/\n.elementor-widget-image{text-align:center}.elementor-widget-image a{display:inline-block}.elementor-widget-image a img[src$=\".svg\"]{width:48px}.elementor-widget-image img{vertical-align:middle;display:inline-block}<\/style>\n<p>\t\t\t\t\t\t\t\t\t\t\t\t<img decoding=\"async\" width=\"2208\" height=\"1367\" src=\"https:\/\/biosany.com.br\/wp-content\/uploads\/2023\/03\/biosany-paginana-sistema.jpg\" alt=\"\" loading=\"lazy\" srcset=\"https:\/\/biosany.com.br\/wp-content\/uploads\/2023\/03\/biosany-paginana-sistema.jpg 2208w, https:\/\/biosany.com.br\/wp-content\/uploads\/2023\/03\/biosany-paginana-sistema-300x186.jpg 300w, https:\/\/biosany.com.br\/wp-content\/uploads\/2023\/03\/biosany-paginana-sistema-1024x634.jpg 1024w, https:\/\/biosany.com.br\/wp-content\/uploads\/2023\/03\/biosany-paginana-sistema-768x475.jpg 768w, https:\/\/biosany.com.br\/wp-content\/uploads\/2023\/03\/biosany-paginana-sistema-1536x951.jpg 1536w, https:\/\/biosany.com.br\/wp-content\/uploads\/2023\/03\/biosany-paginana-sistema-2048x1268.jpg 2048w, https:\/\/biosany.com.br\/wp-content\/uploads\/2023\/03\/biosany-paginana-sistema-1568x971.jpg 1568w\" sizes=\"auto, (max-width: 2208px) 100vw, 2208px\" \/>\t\t\t\t\t\t\t\t\t\t\t\t\t\t\t<\/p>\n<p><em>O sistema <strong>Biosany<\/strong> trata\u00a0<\/em><\/p>\n<p><em>o<\/em><em style=\"color: var( --e-global-color-accent ); background-color: var(--global--color-background);\">\u00a0lodo por meio da digest\u00e3o biol\u00f3gica, sem agentes\u00a0<\/em><\/p>\n<p><em style=\"color: var( --e-global-color-accent ); background-color: var(--global--color-background);\">qu\u00edmicos ou partes m\u00f3veis.\u00a0<\/em><\/p>\n<p>Uma tecnologia avan\u00e7ada que proporciona um tratamento super eficiente do efluente em um processo muito mais simples do que os sistema convencionais.<\/p>\n<h2>APLICA\u00c7\u00d5ES <\/h2>\n<ul id=\"eael-feature-list-932b934\">\n<li>\n<h3\t\t\t\t\t\t\t><\/h3\t\t\t\t\t\t>\n<p>Residencial.<br \/>\nCasas, condom\u00ednios, loteamentos, etc.<\/p>\n<\/li>\n<\/ul>\n<ul id=\"eael-feature-list-ebb3fc1\">\n<li>\n<h3\t\t\t\t\t\t\t><\/h3\t\t\t\t\t\t>\n<p> Industrial. Ind\u00fastrias convencionais, de alimentos, etc.<\/p>\n<\/li>\n<\/ul>\n<ul id=\"eael-feature-list-945a2f9\">\n<li>\n<h3\t\t\t\t\t\t\t><\/h3\t\t\t\t\t\t>\n<p>Comercial. Escrit\u00f3rios, centros comerciais, shoppings, hot\u00e9is, etc.<\/p>\n<\/li>\n<\/ul>\n<ul id=\"eael-feature-list-3797b44\">\n<li>\n<h3\t\t\t\t\t\t\t><\/h3\t\t\t\t\t\t>\n<p>Hospitalar. Cl\u00ednicas, postos de sa\u00fade, hospitais, veterin\u00e1rios, etc.<\/p>\n<\/li>\n<\/ul>\n<ul id=\"eael-feature-list-5d3c264\">\n<li>\n<h3\t\t\t\t\t\t\t><\/h3\t\t\t\t\t\t>\n<p> Projetos com restri\u00e7\u00f5es de espa\u00e7o <\/p>\n<\/li>\n<\/ul>\n<ul id=\"eael-feature-list-367cd66\">\n<li>\n<h3\t\t\t\t\t\t\t><\/h3\t\t\t\t\t\t>\n<p>Expans\u00e3o de sistemas j\u00e1 existentes <\/p>\n<\/li>\n<\/ul>\n<ul id=\"eael-feature-list-c19ddea\">\n<li>\n<h3\t\t\t\t\t\t\t><\/h3\t\t\t\t\t\t>\n<p>Projetos com restri\u00e7\u00f5es ambientais<\/p>\n<\/li>\n<\/ul>\n<ul id=\"eael-feature-list-2fdd4d5\">\n<li>\n<h3\t\t\t\t\t\t\t><\/h3\t\t\t\t\t\t>\n<p>Sistemas municipais de tratamento de efluentes<\/p>\n<\/li>\n<\/ul>\n<p>            <img width=\"2236\" height=\"1485\" src=\"https:\/\/biosany.com.br\/wp-content\/uploads\/2023\/03\/biosany-paginana-funcionamento.jpg\" alt=\"\" decoding=\"async\" loading=\"lazy\" srcset=\"https:\/\/biosany.com.br\/wp-content\/uploads\/2023\/03\/biosany-paginana-funcionamento.jpg 2236w, https:\/\/biosany.com.br\/wp-content\/uploads\/2023\/03\/biosany-paginana-funcionamento-300x199.jpg 300w, https:\/\/biosany.com.br\/wp-content\/uploads\/2023\/03\/biosany-paginana-funcionamento-1024x680.jpg 1024w, https:\/\/biosany.com.br\/wp-content\/uploads\/2023\/03\/biosany-paginana-funcionamento-768x510.jpg 768w, https:\/\/biosany.com.br\/wp-content\/uploads\/2023\/03\/biosany-paginana-funcionamento-1536x1020.jpg 1536w, https:\/\/biosany.com.br\/wp-content\/uploads\/2023\/03\/biosany-paginana-funcionamento-2048x1360.jpg 2048w, https:\/\/biosany.com.br\/wp-content\/uploads\/2023\/03\/biosany-paginana-funcionamento-1568x1041.jpg 1568w\" sizes=\"auto, (max-width: 2236px) 100vw, 2236px\" \/>                        <\/p>\n<h4                                             data-pltext=\"1\" \n                                         ><br \/>\n                                            ENTRADA                                        <\/h4>\n<p>Efluente bruto<\/p>\n<h4                                             data-pltext=\"2\" \n                                         ><br \/>\n                                            TANQUE                                        <\/h4>\n<p>Homogeneiza\u00e7\u00e3o e ativa\u00e7\u00e3o de lodos<\/p>\n<h4                                             data-pltext=\"3\" \n                                         ><br \/>\n                                            SISTEMA DE AERA\u00c7\u00c3O                                         <\/h4>\n<p>MICRO BOLHAS<\/p>\n<h4                                             data-pltext=\"3\" \n                                         ><br \/>\n                                            SISTEMA DE AERA\u00c7\u00c3O                                         <\/h4>\n<p>MICRO BOLHAS<\/p>\n<h4                                             data-pltext=\"4\" \n                                         ><br \/>\n                                            REATOR PRONFUNDO                                        <\/h4>\n<p>LEITOS FLUIDIZADOS <\/p>\n<h4                                             data-pltext=\"5\" \n                                         ><br \/>\n                                            LODOS                                        <\/h4>\n<p>REATIVA\u00c7\u00c3O E RECIRCULA\u00c7\u00c3O<\/p>\n<h4                                             data-pltext=\"6\" \n                                         ><br \/>\n                                            REATOR BIOSANY                                        <\/h4>\n<p>DECANTA\u00c7\u00c3O E CLARIFICA\u00c7\u00c3O <\/p>\n<h4                                             data-pltext=\"7\" \n                                         ><br \/>\n                                            FILTRO BIOL\u00d3GICO                                        <\/h4>\n<p>DESNITRIFICA\u00c7\u00c3O\n<\/p>\n<h4                                             data-pltext=\"8\" \n                                         ><br \/>\n                                            DESINFEC\u00c7\u00c3O                                        <\/h4>\n<p>SA\u00cdDA<\/p>\n<h2>FUNCIONAMENTO<\/h2>\n<p>Instalado em uma \u00e1rea at\u00e9 95% menor que outros sistemas, a Biosany utiliza rea\u00e7\u00f5es biol\u00f3gicas com micro-organismos para realizar a digest\u00e3o dos poluentes da \u00e1gua, consumindo os dejetos e propiciando sua nitrifica\u00e7\u00e3o ou desnitrifica\u00e7\u00e3o naturalmente, sem adi\u00e7\u00e3o de qualquer produto qu\u00edmico.<\/p>\n<\/p>\n<p>Tudo isso apenas com o fluxo da \u00e1gua e diferen\u00e7as de press\u00e3o, sem bombas ou mecanismos, promovendo uma grande economia de energia.<\/p>\n<p>&nbsp;<\/p>\n<p><\/p>\n<h2>VANTAGENS<\/h2>\n<ul id=\"eael-feature-list-74c0d84\">\n<li>\n<h3\t\t\t\t\t\t\t>\u00c1REA COMPACTA<\/h3\t\t\t\t\t\t>\n<\/p>\n<\/li>\n<\/ul>\n<ul id=\"eael-feature-list-32260fa\">\n<li>\n<h3\t\t\t\t\t\t\t>SISTEMA AUTOM\u00c1TICO<\/h3\t\t\t\t\t\t>\n<\/p>\n<\/li>\n<\/ul>\n<ul id=\"eael-feature-list-3970423\">\n<li>\n<h3\t\t\t\t\t\t\t>SEM PARTES M\u00d3VEIS<\/h3\t\t\t\t\t\t>\n<\/p>\n<\/li>\n<\/ul>\n<ul id=\"eael-feature-list-3f7c1ee\">\n<li>\n<h3\t\t\t\t\t\t\t>N\u00c3O PRODUZ ODORES<\/h3\t\t\t\t\t\t>\n<\/p>\n<\/li>\n<\/ul>\n<ul id=\"eael-feature-list-fc53f75\">\n<li>\n<h3\t\t\t\t\t\t\t>REMO\u00c7\u00c3O DE LODO PELO BIODIGESTOR<\/h3\t\t\t\t\t\t>\n<\/p>\n<\/li>\n<\/ul>\n<ul id=\"eael-feature-list-4ffb4bd\">\n<li>\n<h3\t\t\t\t\t\t\t>SEM PRODUTOS QU\u00cdMICOS<\/h3\t\t\t\t\t\t>\n<\/p>\n<\/li>\n<\/ul>\n<ul id=\"eael-feature-list-6c3ed2e\">\n<li>\n<h3\t\t\t\t\t\t\t>BAIXA MANUTEN\u00c7\u00c2O<\/h3\t\t\t\t\t\t>\n<\/p>\n<\/li>\n<\/ul>\n<ul id=\"eael-feature-list-8c17628\">\n<li>\n<h3\t\t\t\t\t\t\t>INTEGRA\u00c7\u00c2O COM PROJETO ARQUITET\u00d4NICO<\/h3\t\t\t\t\t\t>\n<\/p>\n<\/li>\n<\/ul>\n<ul id=\"eael-feature-list-9f0f852\">\n<li>\n<h3\t\t\t\t\t\t\t>\u00c1GUA DE QUALIDADE PARA REUSO<\/h3\t\t\t\t\t\t>\n<\/p>\n<\/li>\n<\/ul>\n<p>\t\t\t\t\t\t\t\t\t\t\t\t\t\t\t<img decoding=\"async\" width=\"1058\" height=\"1205\" src=\"https:\/\/biosany.com.br\/wp-content\/uploads\/2023\/03\/biosany-paginana-resultados.jpg\" alt=\"\" loading=\"lazy\" srcset=\"https:\/\/biosany.com.br\/wp-content\/uploads\/2023\/03\/biosany-paginana-resultados.jpg 1058w, https:\/\/biosany.com.br\/wp-content\/uploads\/2023\/03\/biosany-paginana-resultados-263x300.jpg 263w, https:\/\/biosany.com.br\/wp-content\/uploads\/2023\/03\/biosany-paginana-resultados-899x1024.jpg 899w, https:\/\/biosany.com.br\/wp-content\/uploads\/2023\/03\/biosany-paginana-resultados-768x875.jpg 768w\" sizes=\"auto, (max-width: 1058px) 100vw, 1058px\" \/>\t\t\t\t\t\t\t\t\t\t\t\t\t\t\t<\/p>\n<h2>RESULTADOS<\/h2>\n<p>Os excelentes resultados s\u00e3o atestados pela qualidade do tratamento, com efici\u00eancia superior a 92% na remo\u00e7\u00e3o do DBO, o que excede os par\u00e2metros impostos pelas mais r\u00edgidas normas e legisla\u00e7\u00f5es.\u00a0<\/p>\n<p>\u00a0<\/p>\n<p>A Biosany conta com uma equipe com mais de 10 anos de experi\u00eancia no setor, atuando em todo o Brasil com solu\u00e7\u00f5es de tratamentos de efluentes.\u00a0<\/p>\n<p>\u00a0<\/p>\n<p>Do projeto inicial \u00e0 instala\u00e7\u00e3o, treinamento e opera\u00e7\u00e3o, a Biosany fornece todo o suporte necess\u00e1rio para que seus clientes contem com resultados de alta performance, atendendo \u00e0s mais exigentes normas ambientais.<\/p>\n<h2>CONTATO<\/h2>\n<p>\t\t\t<iframe src=\"https:\/\/www.google.com\/maps\/embed?pb=!1m14!1m8!1m3!1d14258.966663140427!2d-48.6936031!3d-26.6887434!3m2!1i1024!2i768!4f13.1!3m3!1m2!1s0x94d92a9bf90233e5%3A0xd25e55c311063d8c!2sCOROH%20BRASIL!5e0!3m2!1spt-BR!2sbr!4v1681400180518!5m2!1spt-BR!2sbr\" width=\"100%\" height=\"300\" style=\"border:0;\" allowfullscreen=\"\" loading=\"lazy\" referrerpolicy=\"no-referrer-when-downgrade\"><\/iframe>\t\t<\/p>\n<p>FORMULARIO DE CONTATO<\/p>\n\n<div class=\"wpcf7 no-js\" id=\"wpcf7-f252-o1\" lang=\"pt-BR\" dir=\"ltr\">\n<div class=\"screen-reader-response\"><p role=\"status\" aria-live=\"polite\" aria-atomic=\"true\"><\/p> <ul><\/ul><\/div>\n<form action=\"\/index.php\/wp-json\/wp\/v2\/pages\/33#wpcf7-f252-o1\" method=\"post\" class=\"wpcf7-form init\" aria-label=\"Formul\u00e1rios de contato\" novalidate=\"novalidate\" data-status=\"init\">\n<div style=\"display: none;\">\n<input type=\"hidden\" name=\"_wpcf7\" value=\"252\" \/>\n<input type=\"hidden\" name=\"_wpcf7_version\" value=\"5.7.6\" \/>\n<input type=\"hidden\" name=\"_wpcf7_locale\" value=\"pt_BR\" \/>\n<input type=\"hidden\" name=\"_wpcf7_unit_tag\" value=\"wpcf7-f252-o1\" \/>\n<input type=\"hidden\" name=\"_wpcf7_container_post\" value=\"0\" \/>\n<input type=\"hidden\" name=\"_wpcf7_posted_data_hash\" value=\"\" \/>\n<input type=\"hidden\" name=\"_wpcf7cf_hidden_group_fields\" value=\"[]\" \/>\n<input type=\"hidden\" name=\"_wpcf7cf_hidden_groups\" value=\"[]\" \/>\n<input type=\"hidden\" name=\"_wpcf7cf_visible_groups\" value=\"[]\" \/>\n<input type=\"hidden\" name=\"_wpcf7cf_repeaters\" value=\"[]\" \/>\n<input type=\"hidden\" name=\"_wpcf7cf_steps\" value=\"{}\" \/>\n<input type=\"hidden\" name=\"_wpcf7cf_options\" value=\"{&quot;form_id&quot;:252,&quot;conditions&quot;:[],&quot;settings&quot;:{&quot;animation&quot;:&quot;yes&quot;,&quot;animation_intime&quot;:200,&quot;animation_outtime&quot;:200,&quot;conditions_ui&quot;:&quot;normal&quot;,&quot;notice_dismissed&quot;:false}}\" \/>\n<\/div>\n<p><label> Seu nome<br \/>\n<span class=\"wpcf7-form-control-wrap\" data-name=\"your-name\"><input size=\"40\" class=\"wpcf7-form-control wpcf7-text wpcf7-validates-as-required\" autocomplete=\"name\" aria-required=\"true\" aria-invalid=\"false\" value=\"\" type=\"text\" name=\"your-name\" \/><\/span> <\/label>\n<\/p>\n<p><label> Seu e-mail<br \/>\n<span class=\"wpcf7-form-control-wrap\" data-name=\"your-email\"><input size=\"40\" class=\"wpcf7-form-control wpcf7-text wpcf7-email wpcf7-validates-as-required wpcf7-validates-as-email\" autocomplete=\"email\" aria-required=\"true\" aria-invalid=\"false\" value=\"\" type=\"email\" name=\"your-email\" \/><\/span> <\/label>\n<\/p>\n<p><label> Assunto<br \/>\n<span class=\"wpcf7-form-control-wrap\" data-name=\"your-subject\"><input size=\"40\" class=\"wpcf7-form-control wpcf7-text wpcf7-validates-as-required\" aria-required=\"true\" aria-invalid=\"false\" value=\"\" type=\"text\" name=\"your-subject\" \/><\/span> <\/label>\n<\/p>\n<p><label> Sua mensagem (opcional)<br \/>\n<span class=\"wpcf7-form-control-wrap\" data-name=\"your-message\"><textarea cols=\"40\" rows=\"10\" class=\"wpcf7-form-control wpcf7-textarea\" aria-invalid=\"false\" name=\"your-message\"><\/textarea><\/span> <\/label>\n<\/p>\n<p><input class=\"wpcf7-form-control has-spinner wpcf7-submit\" type=\"submit\" value=\"Enviar\" \/>\n<\/p><div class=\"wpcf7-response-output\" aria-hidden=\"true\"><\/div>\n<\/form>\n<\/div>\n\n","protected":false},"excerpt":{"rendered":"<p>A evolu\u00e7\u00e3o no tratamento de efluentes O SISTEMA O sistema Biosany trata\u00a0 o\u00a0lodo por meio da digest\u00e3o biol\u00f3gica, sem agentes\u00a0 qu\u00edmicos ou partes m\u00f3veis.\u00a0 Uma tecnologia avan\u00e7ada que proporciona um tratamento super eficiente do efluente em um processo muito mais simples do que os sistema convencionais. APLICA\u00c7\u00d5ES Residencial. Casas, condom\u00ednios, loteamentos, etc. Industrial. Ind\u00fastrias convencionais,<a class=\"more-link\" href=\"https:\/\/biosany.com.br\/\">Continue reading <span class=\"screen-reader-text\">&#8220;home&#8221;<\/span><\/a><\/p>\n","protected":false},"author":1,"featured_media":0,"parent":0,"menu_order":0,"comment_status":"closed","ping_status":"closed","template":"elementor_header_footer","meta":{"footnotes":""},"class_list":["post-33","page","type-page","status-publish","hentry","entry"],"_links":{"self":[{"href":"https:\/\/biosany.com.br\/index.php\/wp-json\/wp\/v2\/pages\/33","targetHints":{"allow":["GET"]}}],"collection":[{"href":"https:\/\/biosany.com.br\/index.php\/wp-json\/wp\/v2\/pages"}],"about":[{"href":"https:\/\/biosany.com.br\/index.php\/wp-json\/wp\/v2\/types\/page"}],"author":[{"embeddable":true,"href":"https:\/\/biosany.com.br\/index.php\/wp-json\/wp\/v2\/users\/1"}],"replies":[{"embeddable":true,"href":"https:\/\/biosany.com.br\/index.php\/wp-json\/wp\/v2\/comments?post=33"}],"version-history":[{"count":205,"href":"https:\/\/biosany.com.br\/index.php\/wp-json\/wp\/v2\/pages\/33\/revisions"}],"predecessor-version":[{"id":457,"href":"https:\/\/biosany.com.br\/index.php\/wp-json\/wp\/v2\/pages\/33\/revisions\/457"}],"wp:attachment":[{"href":"https:\/\/biosany.com.br\/index.php\/wp-json\/wp\/v2\/media?parent=33"}],"curies":[{"name":"wp","href":"https:\/\/api.w.org\/{rel}","templated":true}]}}